{"id":148,"date":"2025-03-17T09:21:40","date_gmt":"2025-03-17T09:21:40","guid":{"rendered":"https:\/\/site.cvguard.pt\/?page_id=148"},"modified":"2025-11-04T15:21:10","modified_gmt":"2025-11-04T15:21:10","slug":"testemunhos","status":"publish","type":"page","link":"https:\/\/cvguard.pt\/en\/testemunhos\/","title":{"rendered":"Testimonials"},"content":{"rendered":"<div class=\"wp-block-essential-blocks-wrapper alignfull  root-eb-wrapper-cjvfxig\"><div class=\"eb-parent-wrapper eb-parent-eb-wrapper-cjvfxig\"><div class=\"eb-wrapper-outer eb-wrapper-cjvfxig\"><div class=\"eb-wrapper-inner\"><div class=\"eb-wrapper-inner-blocks eb-wrapper-align-center\">\n<div class=\"wp-block-essential-blocks-row alignfull  root-eb-row-ptpf0e0\" id=\"video_section\"><div class=\"eb-parent-wrapper eb-parent-eb-row-ptpf0e0\"><div class=\"eb-row-root-container eb-row-ptpf0e0\" data-id=\"eb-row-ptpf0e0\"><div class=\"eb-row-wrapper\"><div class=\"eb-row-inner\">\n<div class=\"wp-block-essential-blocks-column  root-eb-column-qs11wme\"><div class=\"eb-parent-wrapper eb-parent-eb-column-qs11wme\"><div class=\"eb-column-wrapper eb-column-qs11wme\"><div class=\"eb-column-inner\">\n<div class=\"wp-block-essential-blocks-advanced-heading  root-eb-advance-heading-5csq0ba\"><div class=\"eb-parent-wrapper eb-parent-eb-advance-heading-5csq0ba eb_animation eb___animated eb___fadeInLeft\"><div class=\"eb-advance-heading-wrapper eb-advance-heading-5csq0ba button-1 undefined\" data-id=\"eb-advance-heading-5csq0ba\"><h2 class=\"eb-ah-title\"><span class=\"first-title\">Testimonial <\/span><\/h2><p class=\"eb-ah-subtitle\">In the webinar \u2018The Future of Recruitment: Technology and Employer Branding for Talent Attraction\u2019, we were privileged to be joined by Isabel Magalh\u00e3es, from OralMED Sa\u00fade, who shared with us a revealing and inspiring testimony:<\/p><\/div><\/div><\/div>\n\n\n\n<div class=\"wp-block-essential-blocks-button  root-eb-button-yjcf648\"><div class=\"eb-parent-wrapper eb-parent-eb-button-yjcf648 eb_animation eb___animated eb___fadeInLeft\"><div class=\"eb-button-wrapper eb-button-alignment eb-button-yjcf648\"><div class=\"eb-button\"><div class=\"eb-button-inner-wrapper\"><a class=\"eb-button-anchor hvr-bounce-in\" href=\"https:\/\/www.youtube.com\/watch?v=xc2a-woG69w\" rel=\"noopener\">See testimonial<\/a><\/div><\/div><\/div><\/div><\/div>\n<\/div><\/div><\/div><\/div>\n\n\n\n<div class=\"wp-block-essential-blocks-column  root-eb-column-6utnnew\"><div class=\"eb-parent-wrapper eb-parent-eb-column-6utnnew\"><div class=\"eb-column-wrapper eb-column-6utnnew\"><div class=\"eb-column-inner\">\n<div class=\"wp-block-essential-blocks-advanced-video  root-eb-advanced-video-q4x5lin\"><div class=\"eb-parent-wrapper eb-parent-eb-advanced-video-q4x5lin\"><div class=\"eb-advanced-video-wrapper eb-advanced-video-q4x5lin lightbox\" data-id=\"eb-advanced-video-q4x5lin\"><div id=\"myBtn-eb-advanced-video-q4x5lin\" class=\"player-placeholder\" style=\"background-image:url( https:\/\/cvguard.pt\/wp-content\/uploads\/2025\/03\/Landing-Page-Thomas-44.png)\"><img decoding=\"async\" src=\"https:\/\/cvguard.pt\/wp-content\/uploads\/2025\/03\/6dbccf71-button.png\" alt=\"\"\/><\/div><div id=\"eb-modal-eb-advanced-video-q4x5lin\" class=\"eb-modal-player\"><div class=\"eb-player-wrapper\"><span id=\"close-eb-advanced-video-q4x5lin\" class=\"eb-modal-close\">\u00d7<\/span><div class=\"eb-player-option lightbox\" data-id=\"eb-advanced-video-q4x5lin\" data-url=\"https:\/\/www.youtube.com\/watch?v=xc2a-woG69w\" data-option=\"lightbox\" data-loop=\"false\" data-muted=\"false\" data-playing=\"false\" data-overlay=\"false\" data-controls=\"false\" data-autoplay=\"true\"><\/div><\/div><\/div><\/div><\/div><\/div>\n<\/div><\/div><\/div><\/div>\n<\/div><\/div><\/div><\/div><\/div>\n<\/div><\/div><\/div><\/div><\/div>\n\n\n\n<div class=\"wp-block-essential-blocks-wrapper alignfull  root-eb-wrapper-zxvmq39\"><div class=\"eb-parent-wrapper eb-parent-eb-wrapper-zxvmq39\"><div class=\"eb-wrapper-outer eb-wrapper-zxvmq39\"><div class=\"eb-wrapper-inner\"><div class=\"eb-wrapper-inner-blocks eb-wrapper-align-center\">\n<div class=\"wp-block-essential-blocks-wrapper  root-eb-wrapper-y0m7mdk\"><div class=\"eb-parent-wrapper eb-parent-eb-wrapper-y0m7mdk\"><div class=\"eb-wrapper-outer eb-wrapper-y0m7mdk\"><div class=\"eb-wrapper-inner\"><div class=\"eb-wrapper-inner-blocks eb-wrapper-align-center\">\n<div class=\"wp-block-essential-blocks-advanced-heading  root-eb-advance-heading-30k25ec\"><div class=\"eb-parent-wrapper eb-parent-eb-advance-heading-30k25ec eb_animation eb___animated eb___fadeInUp\"><div class=\"eb-advance-heading-wrapper eb-advance-heading-30k25ec button-1 undefined\" data-id=\"eb-advance-heading-30k25ec\"><h2 class=\"eb-ah-title\"><span class=\"first-title\">testimonials<\/span><\/h2><p class=\"eb-ah-subtitle\">o Que dizem os nossos clientes<\/p><\/div><\/div><\/div>\n\n\n\n<div class=\"wp-block-essential-blocks-advanced-heading  root-eb-advance-heading-0s9j0n2\"><div class=\"eb-parent-wrapper eb-parent-eb-advance-heading-0s9j0n2 eb_animation eb___animated eb___fadeInUp\"><div class=\"eb-advance-heading-wrapper eb-advance-heading-0s9j0n2 button-1 undefined\" data-id=\"eb-advance-heading-0s9j0n2\"><p class=\"eb-ah-title\"><span class=\"first-title\">Find out what our customers have to say about our platforms<\/span><\/p><\/div><\/div><\/div>\n<\/div><\/div><\/div><\/div><\/div>\n\n\n\n<div class=\"wp-block-essential-blocks-row alignfull  root-eb-row-2ptf02q\"><div class=\"eb-parent-wrapper eb-parent-eb-row-2ptf02q\"><div class=\"eb-row-root-container eb-row-2ptf02q\" data-id=\"eb-row-2ptf02q\"><div class=\"eb-row-wrapper\"><div class=\"eb-row-inner\">\n<div class=\"wp-block-essential-blocks-column  root-eb-column-11xbwh6\"><div class=\"eb-parent-wrapper eb-parent-eb-column-11xbwh6\"><div class=\"eb-column-wrapper eb-column-11xbwh6\"><div class=\"eb-column-inner\">\n<div class=\"wp-block-essential-blocks-testimonial testimonial_avater deardoc_testimonial  root-eb-testimonial-yk7jck1\"><div class=\"eb-parent-wrapper eb-parent-eb-testimonial-yk7jck1 eb_animation eb___animated eb___fadeInLeft\"><div class=\"eb-testimonial-wrapper eb-testimonial-yk7jck1 layout-preset-1\" data-id=\"eb-testimonial-yk7jck1\"><div class=\"eb-testimonial-container\"><div class=\"eb-avatar-container avatar-basic\"><div class=\"image-container\"><div class=\"eb-avatar-style\"><\/div><\/div><div class=\"eb-userinfo-container\"><p class=\"eb-testimonial-username\">Patr\u00edcia Costa<\/p><p class=\"eb-testimonial-company\">VP human resources<\/p><\/div><\/div><div class=\"eb-description-container\"><p class=\"eb-testimonial-description\">CVGuard is a truly exceptional recruitment software solution designed to simplify and optimise the entire recruitment process. With an intuitive interface, it empowers recruiters to manage the entire recruitment process quickly and accurately. It allows you to create an internal approvals module, manage the publication of adverts on various channels, communicate with candidates quickly and schedule and manage the entire interview process. What's more, its customisability allows companies to adapt the software to their specific recruitment needs. <\/p><\/div><\/div><\/div><\/div><\/div>\n<\/div><\/div><\/div><\/div>\n\n\n\n<div class=\"wp-block-essential-blocks-column  root-eb-column-c6ikfy7\"><div class=\"eb-parent-wrapper eb-parent-eb-column-c6ikfy7\"><div class=\"eb-column-wrapper eb-column-c6ikfy7\"><div class=\"eb-column-inner\">\n<div class=\"wp-block-essential-blocks-testimonial testimonial_avater deardoc_testimonial  root-eb-testimonial-wqgledv\"><div class=\"eb-parent-wrapper eb-parent-eb-testimonial-wqgledv eb_animation eb___animated eb___fadeInLeft\"><div class=\"eb-testimonial-wrapper eb-testimonial-wqgledv layout-preset-1\" data-id=\"eb-testimonial-wqgledv\"><div class=\"eb-testimonial-container\"><div class=\"eb-avatar-container avatar-basic\"><div class=\"image-container\"><div class=\"eb-avatar-style\"><\/div><\/div><div class=\"eb-userinfo-container\"><p class=\"eb-testimonial-username\">Lu\u00eds Nogueira<\/p><p class=\"eb-testimonial-company\">Head of Talent &amp; people Development<\/p><\/div><\/div><div class=\"eb-description-container\"><p class=\"eb-testimonial-description\">CVGuard is a very effective tool for managing R&amp;S processes. Among the many advantages of this software, I would highlight the agile and fast way in which we create, develop and manage an R&amp;S requirement. It's very efficient and user-friendly, from the phase of promoting and publicising the vacancy, whether for internal and\/or external channels, right through to the application management phase, always keeping the necessary analytical data up to date and essential for decision-making.<\/p><\/div><\/div><\/div><\/div><\/div>\n<\/div><\/div><\/div><\/div>\n<\/div><\/div><\/div><\/div><\/div>\n\n\n\n<div class=\"wp-block-essential-blocks-row alignfull  root-eb-row-tk3sz\"><div class=\"eb-parent-wrapper eb-parent-eb-row-tk3sz\"><div class=\"eb-row-root-container eb-row-tk3sz\" data-id=\"eb-row-tk3sz\"><div class=\"eb-row-wrapper\"><div class=\"eb-row-inner\">\n<div class=\"wp-block-essential-blocks-column  root-eb-column-ut1jx\"><div class=\"eb-parent-wrapper eb-parent-eb-column-ut1jx\"><div class=\"eb-column-wrapper eb-column-ut1jx\"><div class=\"eb-column-inner\">\n<div class=\"wp-block-essential-blocks-testimonial testimonial_avater deardoc_testimonial  root-eb-testimonial-kheq6\"><div class=\"eb-parent-wrapper eb-parent-eb-testimonial-kheq6 eb_animation eb___animated eb___fadeInLeft\"><div class=\"eb-testimonial-wrapper eb-testimonial-kheq6 layout-preset-1\" data-id=\"eb-testimonial-kheq6\"><div class=\"eb-testimonial-container\"><div class=\"eb-avatar-container avatar-basic\"><div class=\"image-container\"><div class=\"eb-avatar-style\"><\/div><\/div><div class=\"eb-userinfo-container\"><p class=\"eb-testimonial-username\">Catarina Coelho<\/p><p class=\"eb-testimonial-company\">Zoomarine<\/p><\/div><\/div><div class=\"eb-description-container\"><p class=\"eb-testimonial-description\">A aplica\u00e7\u00e3o CVguard revelou-se uma ferramenta muito completa e eficiente no apoio aos nossos processos de recrutamento, oferecendo imensas funcionalidades \u00fateis e respondendo \u00e0s nossas necessidades enquanto empresa. Sem d\u00favida, uma solu\u00e7\u00e3o que facilita e otimiza todo o processo de recrutamento.\u00a0<\/p><\/div><\/div><\/div><\/div><\/div>\n<\/div><\/div><\/div><\/div>\n\n\n\n<div class=\"wp-block-essential-blocks-column  root-eb-column-fgpbo\"><div class=\"eb-parent-wrapper eb-parent-eb-column-fgpbo\"><div class=\"eb-column-wrapper eb-column-fgpbo\"><div class=\"eb-column-inner\">\n<div class=\"wp-block-essential-blocks-testimonial testimonial_avater deardoc_testimonial  root-eb-testimonial-0hbid\"><div class=\"eb-parent-wrapper eb-parent-eb-testimonial-0hbid eb_animation eb___animated eb___fadeInLeft\"><div class=\"eb-testimonial-wrapper eb-testimonial-0hbid layout-preset-1\" data-id=\"eb-testimonial-0hbid\"><div class=\"eb-testimonial-container\"><div class=\"eb-avatar-container avatar-basic\"><div class=\"image-container\"><div class=\"eb-avatar-style\"><\/div><\/div><div class=\"eb-userinfo-container\"><p class=\"eb-testimonial-username\">Catarina Esteves<\/p><p class=\"eb-testimonial-company\">Diretora (CHRO) &#8211; MUSAMI<\/p><\/div><\/div><div class=\"eb-description-container\"><p class=\"eb-testimonial-description\">Usar a CVguard foi uma excelente decis\u00e3o. O tempo de trabalho otimizado na triagem de curr\u00edculos \u00e9 not\u00e1vel. A plataforma \u00e9 extremamente intuitiva e f\u00e1cil de utilizar, o que torna todo o processo muito mais eficiente. Al\u00e9m disso, o apoio da Thomas Portugal foi sempre prest\u00e1vel, atencioso e r\u00e1pido, garantindo o melhor aproveitamento da ferramenta.<\/p><\/div><\/div><\/div><\/div><\/div>\n<\/div><\/div><\/div><\/div>\n<\/div><\/div><\/div><\/div><\/div>\n<\/div><\/div><\/div><\/div><\/div>","protected":false},"excerpt":{"rendered":"","protected":false},"author":2,"featured_media":0,"parent":0,"menu_order":0,"comment_status":"closed","ping_status":"closed","template":"","meta":{"_eb_attr":"","site-sidebar-layout":"default","site-content-layout":"","ast-site-content-layout":"","site-content-style":"default","site-sidebar-style":"default","ast-global-header-display":"","ast-banner-title-visibility":"","ast-main-header-display":"","ast-hfb-above-header-display":"","ast-hfb-below-header-display":"","ast-hfb-mobile-header-display":"","site-post-title":"disabled","ast-breadcrumbs-content":"","ast-featured-img":"","footer-sml-layout":"","theme-transparent-header-meta":"","adv-header-id-meta":"","stick-header-meta":"","header-above-stick-meta":"","header-main-stick-meta":"","header-below-stick-meta":"","astra-migrate-meta-layouts":"default","ast-page-background-enabled":"default","ast-page-background-meta":{"desktop":{"background-color":"var(--ast-global-color-5)","background-image":"","background-repeat":"repeat","background-position":"center center","background-size":"auto","background-attachment":"scroll","background-type":"","background-media":"","overlay-type":"","overlay-color":"","overlay-opacity":"","overlay-gradient":""},"tablet":{"background-color":"","background-image":"","background-repeat":"repeat","background-position":"center center","background-size":"auto","background-attachment":"scroll","background-type":"","background-media":"","overlay-type":"","overlay-color":"","overlay-opacity":"","overlay-gradient":""},"mobile":{"background-color":"","background-image":"","background-repeat":"repeat","background-position":"center center","background-size":"auto","background-attachment":"scroll","background-type":"","background-media":"","overlay-type":"","overlay-color":"","overlay-opacity":"","overlay-gradient":""}},"ast-content-background-meta":{"desktop":{"background-color":"var(--ast-global-color-4)","background-image":"","background-repeat":"repeat","background-position":"center center","background-size":"auto","background-attachment":"scroll","background-type":"","background-media":"","overlay-type":"","overlay-color":"","overlay-opacity":"","overlay-gradient":""},"tablet":{"background-color":"var(--ast-global-color-4)","background-image":"","background-repeat":"repeat","background-position":"center center","background-size":"auto","background-attachment":"scroll","background-type":"","background-media":"","overlay-type":"","overlay-color":"","overlay-opacity":"","overlay-gradient":""},"mobile":{"background-color":"var(--ast-global-color-4)","background-image":"","background-repeat":"repeat","background-position":"center center","background-size":"auto","background-attachment":"scroll","background-type":"","background-media":"","overlay-type":"","overlay-color":"","overlay-opacity":"","overlay-gradient":""}},"footnotes":""},"class_list":["post-148","page","type-page","status-publish","hentry"],"_links":{"self":[{"href":"https:\/\/cvguard.pt\/en\/wp-json\/wp\/v2\/pages\/148","targetHints":{"allow":["GET"]}}],"collection":[{"href":"https:\/\/cvguard.pt\/en\/wp-json\/wp\/v2\/pages"}],"about":[{"href":"https:\/\/cvguard.pt\/en\/wp-json\/wp\/v2\/types\/page"}],"author":[{"embeddable":true,"href":"https:\/\/cvguard.pt\/en\/wp-json\/wp\/v2\/users\/2"}],"replies":[{"embeddable":true,"href":"https:\/\/cvguard.pt\/en\/wp-json\/wp\/v2\/comments?post=148"}],"version-history":[{"count":17,"href":"https:\/\/cvguard.pt\/en\/wp-json\/wp\/v2\/pages\/148\/revisions"}],"predecessor-version":[{"id":631,"href":"https:\/\/cvguard.pt\/en\/wp-json\/wp\/v2\/pages\/148\/revisions\/631"}],"wp:attachment":[{"href":"https:\/\/cvguard.pt\/en\/wp-json\/wp\/v2\/media?parent=148"}],"curies":[{"name":"wp","href":"https:\/\/api.w.org\/{rel}","templated":true}]}}